{"id":2668,"date":"2018-10-09T11:24:53","date_gmt":"2018-10-09T11:24:53","guid":{"rendered":"https:\/\/www.molinomotroton.es\/compramos-aceituna\/"},"modified":"2020-01-30T12:45:22","modified_gmt":"2020-01-30T11:45:22","slug":"we-buy-your-olives","status":"publish","type":"page","link":"https:\/\/www.molinomotroton.es\/en\/we-buy-your-olives\/","title":{"rendered":"We buy your olives"},"content":{"rendered":"<ol>\n<li><strong> VARIEDADES <\/strong><\/li>\n<\/ol>\n<p>Nuestro aceite de oliva virgen extra se consigue con el coupage de<strong>\u00a0\u00a0<\/strong>las variedades <strong>de aceituna<\/strong>\u00a0Villalonga, Picual y Blanqueta, presentes en nuestros diferentes olivares.<\/p>\n<p><u>VILLALONGA<\/u><\/p>\n<p>Se trata de la variedad reina de la Comunidad Valenciana, ya que la podemos encontrar tanto en la provincia de Valencia como en Alicante. En el Levante espa\u00f1ol se la conoce tambi\u00e9n por el nombre de manzanilla. Permite obtener v\u00edrgenes extra de frutado intenso, con un picor y amargo ligeros. Destaca tambi\u00e9n por las notas a hierba reci\u00e9n cortada, almendra y manzana.<\/p>\n<p><u>PICUAL<\/u><\/p>\n<p>Es la variedad m\u00e1s abundante de Espa\u00f1a y del mundo, existiendo en la actualidad m\u00e1s de 900.000 hect\u00e1reas de superficie de producci\u00f3n en nuestro pa\u00eds, \u00a0principalmente en Ja\u00e9n, C\u00f3rdoba y Granada, aunque su cultivo se ha extendido a otras zonas productoras como Castilla-La Mancha. Su nombre hace referencia a la forma de pico que muestra el fruto. Su aceite es muy apreciado por su alta estabilidad (resistencia a la oxidaci\u00f3n), lo que le confiere una gran resistencia a las altas temperaturas en la cocina y es id\u00f3neo para la conservaci\u00f3n de alimentos crudos o cocinados.<\/p>\n<p>Sensorialmente son aceites de gran personalidad, con mucho cuerpo, potente, y con frutado de aceituna verde, apreci\u00e1ndose en el sabor la hoja de olivo, tomate e higuera. \u00a0Se caracteriza por su amargor y si el aceite es joven por su picor.<\/p>\n<p><u>BLANQUETA<\/u><\/p>\n<p>Variedad levantina, su cultivo es especialmente importante en la provincia de Alicante, aunque tambi\u00e9n en Valencia, Murcia y Albacete. Su nombre proviene del tono lechoso de su aceituna. Son aceites que destacan por su alto frutado, intenso picante e importante amargor.<\/p>\n<ol start=\"2\">\n<li><strong> REGEPA<\/strong><\/li>\n<\/ol>\n<p>Registro general de la producci\u00f3n agr\u00edcola<\/p>\n<p>Para poder comercializar legalmente productos agrarios se debe de disponer de la correspondiente inscripci\u00f3n en el Registro General de la Producci\u00f3n Agraria (Regepa)<\/p>\n<p>Para m\u00e1s informaci\u00f3n, consulte en su cooperativa asociada<\/p>\n<ol start=\"3\">\n<li><strong> SOCIOS<\/strong><\/li>\n<\/ol>\n<p>Para poder comercializar legalmente productos agrarios se debe de disponer de la correspondiente inscripci\u00f3n en el Registro General de la Producci\u00f3n Agraria (Regepa). Para m\u00e1s informaci\u00f3n, consulte en su cooperativa asociada.<\/p>\n<ol start=\"4\">\n<li><strong> PARTICULARES, NO SOCIOS<\/strong><\/li>\n<\/ol>\n<p>Para poder comercializar legalmente productos agrarios se debe de disponer de la correspondiente inscripci\u00f3n en el Registro General de la Producci\u00f3n Agraria (Regepa). Para m\u00e1s informaci\u00f3n, consulte con las oficinas locales, comarcales o de la ciudad de Valencia de la Conserller\u00eda de agricultura. Deber\u00e1 aportar los datos de su explotaci\u00f3n.<\/p>\n<ol start=\"5\">\n<li><strong> VISITAS<\/strong><\/li>\n<\/ol>\n<p>La Almazara Molino del Motrot\u00f3n realiza visitas guiadas para ver el proceso de elaboraci\u00f3n del aceite de oliva, desde la entrada de la aceituna hasta la obtenci\u00f3n del aceite.<\/p>\n<p>Las visitas se concretan con anterioridad, y pueden ser durante todo el a\u00f1o.<\/p>\n<p>Apto para todos los p\u00fablicos<\/p>\n<p>Coste de la visita : 2 eur \/ persona<\/p>\n<hr \/>\n<p>Para solicitar cita:<\/p>\n<p>+34 96 252 7214<\/p>\n<p><a href=\"mailto:almazara@molinomotroton.es\">almazara@molinomotroton.es<\/a><\/p>\n<hr \/>\n<p dir=\"auto\"><img decoding=\"async\" loading=\"lazy\" class=\" wp-image-1442 aligncenter\" src=\"https:\/\/www.molinomotroton.es\/wp-content\/uploads\/2018\/11\/compramos-sus-aceitunas-300x225.jpg\" alt=\"Compramos sus aceitunas\" width=\"357\" height=\"268\" srcset=\"https:\/\/www.molinomotroton.es\/web\/wp-content\/uploads\/2018\/11\/compramos-sus-aceitunas-300x225.jpg 300w, https:\/\/www.molinomotroton.es\/web\/wp-content\/uploads\/2018\/11\/compramos-sus-aceitunas-768x576.jpg 768w, https:\/\/www.molinomotroton.es\/web\/wp-content\/uploads\/2018\/11\/compramos-sus-aceitunas-1024x768.jpg 1024w, https:\/\/www.molinomotroton.es\/web\/wp-content\/uploads\/2018\/11\/compramos-sus-aceitunas-50x38.jpg 50w, https:\/\/www.molinomotroton.es\/web\/wp-content\/uploads\/2018\/11\/compramos-sus-aceitunas-230x173.jpg 230w, https:\/\/www.molinomotroton.es\/web\/wp-content\/uploads\/2018\/11\/compramos-sus-aceitunas-600x450.jpg 600w, https:\/\/www.molinomotroton.es\/web\/wp-content\/uploads\/2018\/11\/compramos-sus-aceitunas.jpg 1600w\" sizes=\"(max-width: 357px) 100vw, 357px\" \/><\/p>\n<p>&nbsp;<\/p>\n<p>&nbsp;<\/p>\n","protected":false},"excerpt":{"rendered":"<p>VARIEDADES Nuestro aceite de oliva virgen extra se consigue con el coupage de\u00a0\u00a0las variedades de aceituna\u00a0Villalonga, Picual y Blanqueta, presentes en nuestros diferentes olivares. VILLALONGA Se trata de la variedad reina de la Comunidad Valenciana, ya que la podemos encontrar tanto en la provincia de Valencia como en Alicante. En el Levante espa\u00f1ol se la [&hellip;]<\/p>\n","protected":false},"author":1,"featured_media":0,"parent":0,"menu_order":0,"comment_status":"closed","ping_status":"closed","template":"","meta":[],"wppr_data":{"cwp_meta_box_check":"No"},"yoast_head":"<!-- This site is optimized with the Yoast SEO plugin v21.8.1 - https:\/\/yoast.com\/wordpress\/plugins\/seo\/ -->\n<title>We buy your olives | Almazara - Molino del Motrot\u00f3n<\/title>\n<meta name=\"description\" content=\"Interesado en vender sus aceitunas? Te las compramos! La almazara a parte de sus asociados, permite la entrada de aceitunas de terceros\" \/>\n<meta name=\"robots\" content=\"index, follow, max-snippet:-1, max-image-preview:large, max-video-preview:-1\" \/>\n<link rel=\"canonical\" href=\"https:\/\/www.molinomotroton.es\/en\/we-buy-your-olives\/\" \/>\n<meta property=\"og:locale\" content=\"en_US\" \/>\n<meta property=\"og:type\" content=\"article\" \/>\n<meta property=\"og:title\" content=\"We buy your olives | Almazara - Molino del Motrot\u00f3n\" \/>\n<meta property=\"og:description\" content=\"Interesado en vender sus aceitunas? Te las compramos! La almazara a parte de sus asociados, permite la entrada de aceitunas de terceros\" \/>\n<meta property=\"og:url\" content=\"https:\/\/www.molinomotroton.es\/en\/we-buy-your-olives\/\" \/>\n<meta property=\"og:site_name\" content=\"Molino del Motrot\u00f3n\" \/>\n<meta property=\"article:modified_time\" content=\"2020-01-30T11:45:22+00:00\" \/>\n<meta property=\"og:image\" content=\"https:\/\/www.molinomotroton.es\/wp-content\/uploads\/2018\/11\/compramos-sus-aceitunas-300x225.jpg\" \/>\n<meta name=\"twitter:card\" content=\"summary_large_image\" \/>\n<meta name=\"twitter:label1\" content=\"Est. reading time\" \/>\n\t<meta name=\"twitter:data1\" content=\"2 minutes\" \/>\n<script type=\"application\/ld+json\" class=\"yoast-schema-graph\">{\"@context\":\"https:\/\/schema.org\",\"@graph\":[{\"@type\":\"WebPage\",\"@id\":\"https:\/\/www.molinomotroton.es\/en\/we-buy-your-olives\/\",\"url\":\"https:\/\/www.molinomotroton.es\/en\/we-buy-your-olives\/\",\"name\":\"We buy your olives | Almazara - Molino del Motrot\u00f3n\",\"isPartOf\":{\"@id\":\"https:\/\/www.molinomotroton.es\/#website\"},\"datePublished\":\"2018-10-09T11:24:53+00:00\",\"dateModified\":\"2020-01-30T11:45:22+00:00\",\"description\":\"Interesado en vender sus aceitunas? Te las compramos! La almazara a parte de sus asociados, permite la entrada de aceitunas de terceros\",\"breadcrumb\":{\"@id\":\"https:\/\/www.molinomotroton.es\/en\/we-buy-your-olives\/#breadcrumb\"},\"inLanguage\":\"en-US\",\"potentialAction\":[{\"@type\":\"ReadAction\",\"target\":[\"https:\/\/www.molinomotroton.es\/en\/we-buy-your-olives\/\"]}]},{\"@type\":\"BreadcrumbList\",\"@id\":\"https:\/\/www.molinomotroton.es\/en\/we-buy-your-olives\/#breadcrumb\",\"itemListElement\":[{\"@type\":\"ListItem\",\"position\":1,\"name\":\"Inicio\",\"item\":\"https:\/\/www.molinomotroton.es\/en\/\"},{\"@type\":\"ListItem\",\"position\":2,\"name\":\"We buy your olives\"}]},{\"@type\":\"WebSite\",\"@id\":\"https:\/\/www.molinomotroton.es\/#website\",\"url\":\"https:\/\/www.molinomotroton.es\/\",\"name\":\"Molino del Motrot\u00f3n\",\"description\":\"Almazara - Aceite Oliva Virgen Extra\",\"potentialAction\":[{\"@type\":\"SearchAction\",\"target\":{\"@type\":\"EntryPoint\",\"urlTemplate\":\"https:\/\/www.molinomotroton.es\/?s={search_term_string}\"},\"query-input\":\"required name=search_term_string\"}],\"inLanguage\":\"en-US\"}]}<\/script>\n<!-- \/ Yoast SEO plugin. -->","yoast_head_json":{"title":"We buy your olives | Almazara - Molino del Motrot\u00f3n","description":"Interesado en vender sus aceitunas? Te las compramos! La almazara a parte de sus asociados, permite la entrada de aceitunas de terceros","robots":{"index":"index","follow":"follow","max-snippet":"max-snippet:-1","max-image-preview":"max-image-preview:large","max-video-preview":"max-video-preview:-1"},"canonical":"https:\/\/www.molinomotroton.es\/en\/we-buy-your-olives\/","og_locale":"en_US","og_type":"article","og_title":"We buy your olives | Almazara - Molino del Motrot\u00f3n","og_description":"Interesado en vender sus aceitunas? Te las compramos! La almazara a parte de sus asociados, permite la entrada de aceitunas de terceros","og_url":"https:\/\/www.molinomotroton.es\/en\/we-buy-your-olives\/","og_site_name":"Molino del Motrot\u00f3n","article_modified_time":"2020-01-30T11:45:22+00:00","og_image":[{"url":"https:\/\/www.molinomotroton.es\/wp-content\/uploads\/2018\/11\/compramos-sus-aceitunas-300x225.jpg"}],"twitter_card":"summary_large_image","twitter_misc":{"Est. reading time":"2 minutes"},"schema":{"@context":"https:\/\/schema.org","@graph":[{"@type":"WebPage","@id":"https:\/\/www.molinomotroton.es\/en\/we-buy-your-olives\/","url":"https:\/\/www.molinomotroton.es\/en\/we-buy-your-olives\/","name":"We buy your olives | Almazara - Molino del Motrot\u00f3n","isPartOf":{"@id":"https:\/\/www.molinomotroton.es\/#website"},"datePublished":"2018-10-09T11:24:53+00:00","dateModified":"2020-01-30T11:45:22+00:00","description":"Interesado en vender sus aceitunas? Te las compramos! La almazara a parte de sus asociados, permite la entrada de aceitunas de terceros","breadcrumb":{"@id":"https:\/\/www.molinomotroton.es\/en\/we-buy-your-olives\/#breadcrumb"},"inLanguage":"en-US","potentialAction":[{"@type":"ReadAction","target":["https:\/\/www.molinomotroton.es\/en\/we-buy-your-olives\/"]}]},{"@type":"BreadcrumbList","@id":"https:\/\/www.molinomotroton.es\/en\/we-buy-your-olives\/#breadcrumb","itemListElement":[{"@type":"ListItem","position":1,"name":"Inicio","item":"https:\/\/www.molinomotroton.es\/en\/"},{"@type":"ListItem","position":2,"name":"We buy your olives"}]},{"@type":"WebSite","@id":"https:\/\/www.molinomotroton.es\/#website","url":"https:\/\/www.molinomotroton.es\/","name":"Molino del Motrot\u00f3n","description":"Almazara - Aceite Oliva Virgen Extra","potentialAction":[{"@type":"SearchAction","target":{"@type":"EntryPoint","urlTemplate":"https:\/\/www.molinomotroton.es\/?s={search_term_string}"},"query-input":"required name=search_term_string"}],"inLanguage":"en-US"}]}},"_links":{"self":[{"href":"https:\/\/www.molinomotroton.es\/en\/wp-json\/wp\/v2\/pages\/2668"}],"collection":[{"href":"https:\/\/www.molinomotroton.es\/en\/wp-json\/wp\/v2\/pages"}],"about":[{"href":"https:\/\/www.molinomotroton.es\/en\/wp-json\/wp\/v2\/types\/page"}],"author":[{"embeddable":true,"href":"https:\/\/www.molinomotroton.es\/en\/wp-json\/wp\/v2\/users\/1"}],"replies":[{"embeddable":true,"href":"https:\/\/www.molinomotroton.es\/en\/wp-json\/wp\/v2\/comments?post=2668"}],"version-history":[{"count":2,"href":"https:\/\/www.molinomotroton.es\/en\/wp-json\/wp\/v2\/pages\/2668\/revisions"}],"predecessor-version":[{"id":2707,"href":"https:\/\/www.molinomotroton.es\/en\/wp-json\/wp\/v2\/pages\/2668\/revisions\/2707"}],"wp:attachment":[{"href":"https:\/\/www.molinomotroton.es\/en\/wp-json\/wp\/v2\/media?parent=2668"}],"curies":[{"name":"wp","href":"https:\/\/api.w.org\/{rel}","templated":true}]}}