{"id":2658,"date":"2019-12-13T11:31:24","date_gmt":"2019-12-13T10:31:24","guid":{"rendered":"https:\/\/www.molinomotroton.es\/exportacion\/"},"modified":"2020-01-30T14:45:39","modified_gmt":"2020-01-30T13:45:39","slug":"exports","status":"publish","type":"page","link":"https:\/\/www.molinomotroton.es\/en\/exports\/","title":{"rendered":"Exports"},"content":{"rendered":"","protected":false},"excerpt":{"rendered":"","protected":false},"author":1,"featured_media":0,"parent":0,"menu_order":0,"comment_status":"closed","ping_status":"closed","template":"","meta":[],"wppr_data":{"cwp_meta_box_check":"No"},"yoast_head":"<!-- This site is optimized with the Yoast SEO plugin v21.8.1 - https:\/\/yoast.com\/wordpress\/plugins\/seo\/ -->\n<title>Exports | Almazara - Molino del Motrot\u00f3n<\/title>\n<meta name=\"description\" content=\"Nuestra Almazara Molino del Motrot\u00f3n produce el mejor aceite oliva virgen extra del mercado en Espa\u00f1a. Queres saber porque?\" \/>\n<meta name=\"robots\" content=\"index, follow, max-snippet:-1, max-image-preview:large, max-video-preview:-1\" \/>\n<link rel=\"canonical\" href=\"https:\/\/www.molinomotroton.es\/en\/exports\/\" \/>\n<meta property=\"og:locale\" content=\"en_US\" \/>\n<meta property=\"og:type\" content=\"article\" \/>\n<meta property=\"og:title\" content=\"Exports | Almazara - Molino del Motrot\u00f3n\" \/>\n<meta property=\"og:description\" content=\"Nuestra Almazara Molino del Motrot\u00f3n produce el mejor aceite oliva virgen extra del mercado en Espa\u00f1a. Queres saber porque?\" \/>\n<meta property=\"og:url\" content=\"https:\/\/www.molinomotroton.es\/en\/exports\/\" \/>\n<meta property=\"og:site_name\" content=\"Molino del Motrot\u00f3n\" \/>\n<meta property=\"article:modified_time\" content=\"2020-01-30T13:45:39+00:00\" \/>\n<meta name=\"twitter:card\" content=\"summary_large_image\" \/>\n<script type=\"application\/ld+json\" class=\"yoast-schema-graph\">{\"@context\":\"https:\/\/schema.org\",\"@graph\":[{\"@type\":\"WebPage\",\"@id\":\"https:\/\/www.molinomotroton.es\/en\/exports\/\",\"url\":\"https:\/\/www.molinomotroton.es\/en\/exports\/\",\"name\":\"Exports | Almazara - Molino del Motrot\u00f3n\",\"isPartOf\":{\"@id\":\"https:\/\/www.molinomotroton.es\/#website\"},\"datePublished\":\"2019-12-13T10:31:24+00:00\",\"dateModified\":\"2020-01-30T13:45:39+00:00\",\"description\":\"Nuestra Almazara Molino del Motrot\u00f3n produce el mejor aceite oliva virgen extra del mercado en Espa\u00f1a. Queres saber porque?\",\"breadcrumb\":{\"@id\":\"https:\/\/www.molinomotroton.es\/en\/exports\/#breadcrumb\"},\"inLanguage\":\"en-US\",\"potentialAction\":[{\"@type\":\"ReadAction\",\"target\":[\"https:\/\/www.molinomotroton.es\/en\/exports\/\"]}]},{\"@type\":\"BreadcrumbList\",\"@id\":\"https:\/\/www.molinomotroton.es\/en\/exports\/#breadcrumb\",\"itemListElement\":[{\"@type\":\"ListItem\",\"position\":1,\"name\":\"Inicio\",\"item\":\"https:\/\/www.molinomotroton.es\/en\/\"},{\"@type\":\"ListItem\",\"position\":2,\"name\":\"Exports\"}]},{\"@type\":\"WebSite\",\"@id\":\"https:\/\/www.molinomotroton.es\/#website\",\"url\":\"https:\/\/www.molinomotroton.es\/\",\"name\":\"Molino del Motrot\u00f3n\",\"description\":\"Almazara - Aceite Oliva Virgen Extra\",\"potentialAction\":[{\"@type\":\"SearchAction\",\"target\":{\"@type\":\"EntryPoint\",\"urlTemplate\":\"https:\/\/www.molinomotroton.es\/?s={search_term_string}\"},\"query-input\":\"required name=search_term_string\"}],\"inLanguage\":\"en-US\"}]}<\/script>\n<!-- \/ Yoast SEO plugin. -->","yoast_head_json":{"title":"Exports | Almazara - Molino del Motrot\u00f3n","description":"Nuestra Almazara Molino del Motrot\u00f3n produce el mejor aceite oliva virgen extra del mercado en Espa\u00f1a. Queres saber porque?","robots":{"index":"index","follow":"follow","max-snippet":"max-snippet:-1","max-image-preview":"max-image-preview:large","max-video-preview":"max-video-preview:-1"},"canonical":"https:\/\/www.molinomotroton.es\/en\/exports\/","og_locale":"en_US","og_type":"article","og_title":"Exports | Almazara - Molino del Motrot\u00f3n","og_description":"Nuestra Almazara Molino del Motrot\u00f3n produce el mejor aceite oliva virgen extra del mercado en Espa\u00f1a. Queres saber porque?","og_url":"https:\/\/www.molinomotroton.es\/en\/exports\/","og_site_name":"Molino del Motrot\u00f3n","article_modified_time":"2020-01-30T13:45:39+00:00","twitter_card":"summary_large_image","schema":{"@context":"https:\/\/schema.org","@graph":[{"@type":"WebPage","@id":"https:\/\/www.molinomotroton.es\/en\/exports\/","url":"https:\/\/www.molinomotroton.es\/en\/exports\/","name":"Exports | Almazara - Molino del Motrot\u00f3n","isPartOf":{"@id":"https:\/\/www.molinomotroton.es\/#website"},"datePublished":"2019-12-13T10:31:24+00:00","dateModified":"2020-01-30T13:45:39+00:00","description":"Nuestra Almazara Molino del Motrot\u00f3n produce el mejor aceite oliva virgen extra del mercado en Espa\u00f1a. Queres saber porque?","breadcrumb":{"@id":"https:\/\/www.molinomotroton.es\/en\/exports\/#breadcrumb"},"inLanguage":"en-US","potentialAction":[{"@type":"ReadAction","target":["https:\/\/www.molinomotroton.es\/en\/exports\/"]}]},{"@type":"BreadcrumbList","@id":"https:\/\/www.molinomotroton.es\/en\/exports\/#breadcrumb","itemListElement":[{"@type":"ListItem","position":1,"name":"Inicio","item":"https:\/\/www.molinomotroton.es\/en\/"},{"@type":"ListItem","position":2,"name":"Exports"}]},{"@type":"WebSite","@id":"https:\/\/www.molinomotroton.es\/#website","url":"https:\/\/www.molinomotroton.es\/","name":"Molino del Motrot\u00f3n","description":"Almazara - Aceite Oliva Virgen Extra","potentialAction":[{"@type":"SearchAction","target":{"@type":"EntryPoint","urlTemplate":"https:\/\/www.molinomotroton.es\/?s={search_term_string}"},"query-input":"required name=search_term_string"}],"inLanguage":"en-US"}]}},"_links":{"self":[{"href":"https:\/\/www.molinomotroton.es\/en\/wp-json\/wp\/v2\/pages\/2658"}],"collection":[{"href":"https:\/\/www.molinomotroton.es\/en\/wp-json\/wp\/v2\/pages"}],"about":[{"href":"https:\/\/www.molinomotroton.es\/en\/wp-json\/wp\/v2\/types\/page"}],"author":[{"embeddable":true,"href":"https:\/\/www.molinomotroton.es\/en\/wp-json\/wp\/v2\/users\/1"}],"replies":[{"embeddable":true,"href":"https:\/\/www.molinomotroton.es\/en\/wp-json\/wp\/v2\/comments?post=2658"}],"version-history":[{"count":3,"href":"https:\/\/www.molinomotroton.es\/en\/wp-json\/wp\/v2\/pages\/2658\/revisions"}],"predecessor-version":[{"id":2734,"href":"https:\/\/www.molinomotroton.es\/en\/wp-json\/wp\/v2\/pages\/2658\/revisions\/2734"}],"wp:attachment":[{"href":"https:\/\/www.molinomotroton.es\/en\/wp-json\/wp\/v2\/media?parent=2658"}],"curies":[{"name":"wp","href":"https:\/\/api.w.org\/{rel}","templated":true}]}}